{"id":128,"date":"2021-06-09T19:04:03","date_gmt":"2021-06-09T19:04:03","guid":{"rendered":"https:\/\/hostingcreativa.com\/carmen\/?page_id=128"},"modified":"2022-01-24T16:34:29","modified_gmt":"2022-01-24T16:34:29","slug":"sobre-mi","status":"publish","type":"page","link":"https:\/\/carmenjuliaescalante.com\/?page_id=128","title":{"rendered":"Sobre M\u00ed"},"content":{"rendered":"\t\t<div data-elementor-type=\"wp-page\" data-elementor-id=\"128\" class=\"elementor elementor-128\">\n\t\t\t\t\t\t<section class=\"elementor-section elementor-top-section elementor-element elementor-element-efdafec elementor-section-boxed elementor-section-height-default elementor-section-height-default\" data-id=\"efdafec\" data-element_type=\"section\" data-settings=\"{&quot;background_background&quot;:&quot;classic&quot;}\">\n\t\t\t\t\t\t<div class=\"elementor-container elementor-column-gap-default\">\n\t\t\t\t\t<div class=\"elementor-column elementor-col-100 elementor-top-column elementor-element elementor-element-12d44a8\" data-id=\"12d44a8\" data-element_type=\"column\">\n\t\t\t<div class=\"elementor-widget-wrap elementor-element-populated\">\n\t\t\t\t\t\t<section class=\"elementor-section elementor-inner-section elementor-element elementor-element-ecebcd0 elementor-section-boxed elementor-section-height-default elementor-section-height-default\" data-id=\"ecebcd0\" data-element_type=\"section\">\n\t\t\t\t\t\t<div class=\"elementor-container elementor-column-gap-default\">\n\t\t\t\t\t<div class=\"elementor-column elementor-col-50 elementor-inner-column elementor-element elementor-element-684ad19\" data-id=\"684ad19\" data-element_type=\"column\">\n\t\t\t<div class=\"elementor-widget-wrap elementor-element-populated\">\n\t\t\t\t\t\t<div class=\"elementor-element elementor-element-e7338e2 elementor-widget elementor-widget-image\" data-id=\"e7338e2\" data-element_type=\"widget\" data-widget_type=\"image.default\">\n\t\t\t\t<div class=\"elementor-widget-container\">\n\t\t\t\t\t\t\t\t\t\t\t\t\t<img fetchpriority=\"high\" width=\"542\" height=\"503\" src=\"https:\/\/carmenjuliaescalante.com\/wp-content\/uploads\/2021\/12\/qs1.png\" class=\"attachment-full size-full wp-image-848\" alt=\"\" srcset=\"https:\/\/carmenjuliaescalante.com\/wp-content\/uploads\/2021\/12\/qs1.png 542w, https:\/\/carmenjuliaescalante.com\/wp-content\/uploads\/2021\/12\/qs1-300x278.png 300w\" sizes=\"(max-width: 542px) 100vw, 542px\" \/>\t\t\t\t\t\t\t\t\t\t\t\t\t<\/div>\n\t\t\t\t<\/div>\n\t\t\t\t\t<\/div>\n\t\t<\/div>\n\t\t\t\t<div class=\"elementor-column elementor-col-50 elementor-inner-column elementor-element elementor-element-0993351\" data-id=\"0993351\" data-element_type=\"column\">\n\t\t\t<div class=\"elementor-widget-wrap elementor-element-populated\">\n\t\t\t\t\t\t<div class=\"elementor-element elementor-element-06a17cc elementor-widget elementor-widget-text-editor\" data-id=\"06a17cc\" data-element_type=\"widget\" data-widget_type=\"text-editor.default\">\n\t\t\t\t<div class=\"elementor-widget-container\">\n\t\t\t\t\t\t\t<p>Soy mujer, madre, esposa, profesional, presentadora de TV, oradora , emprendedora y coach.<\/p>\n<p>Desde hace mas de 18 a\u00f1os soy Fundadora-CEO de Dmoda Group, empresa que naci\u00f3 con el objetivo de conectar a las marcas con las personas.<\/p>\n<p>En Dmoda Group nos especializamos en la producci\u00f3n audiovisual, relaciones p\u00fablicas, periodismo institucional y empresarial.<\/p>\n<p>En el \u00faltimo a\u00f1o generamos contenido de Crecimiento Personal y Profesional, que aporta un valor agregado en la vida de las personas.<\/p>\t\t\t\t\t\t<\/div>\n\t\t\t\t<\/div>\n\t\t\t\t\t<\/div>\n\t\t<\/div>\n\t\t\t\t\t<\/div>\n\t\t<\/section>\n\t\t\t\t<section class=\"elementor-section elementor-inner-section elementor-element elementor-element-0c56bff elementor-section-boxed elementor-section-height-default elementor-section-height-default\" data-id=\"0c56bff\" data-element_type=\"section\">\n\t\t\t\t\t\t<div class=\"elementor-container elementor-column-gap-default\">\n\t\t\t\t\t<div class=\"elementor-column elementor-col-33 elementor-inner-column elementor-element elementor-element-76391b0\" data-id=\"76391b0\" data-element_type=\"column\">\n\t\t\t<div class=\"elementor-widget-wrap elementor-element-populated\">\n\t\t\t\t\t\t<div class=\"elementor-element elementor-element-fcda5b0 elementor-view-default elementor-widget elementor-widget-icon\" data-id=\"fcda5b0\" data-element_type=\"widget\" data-widget_type=\"icon.default\">\n\t\t\t\t<div class=\"elementor-widget-container\">\n\t\t\t\t\t<div class=\"elementor-icon-wrapper\">\n\t\t\t<div class=\"elementor-icon\">\n\t\t\t<i aria-hidden=\"true\" class=\"fas fa-square-full\"><\/i>\t\t\t<\/div>\n\t\t<\/div>\n\t\t\t\t<\/div>\n\t\t\t\t<\/div>\n\t\t\t\t\t<\/div>\n\t\t<\/div>\n\t\t\t\t<div class=\"elementor-column elementor-col-33 elementor-inner-column elementor-element elementor-element-1710bd3\" data-id=\"1710bd3\" data-element_type=\"column\">\n\t\t\t<div class=\"elementor-widget-wrap elementor-element-populated\">\n\t\t\t\t\t\t<div class=\"elementor-element elementor-element-44f5cb5 elementor-widget elementor-widget-heading\" data-id=\"44f5cb5\" data-element_type=\"widget\" data-widget_type=\"heading.default\">\n\t\t\t\t<div class=\"elementor-widget-container\">\n\t\t\t<h2 class=\"elementor-heading-title elementor-size-default\">\u00a1Construye paso a<br>\n paso tu camino al \u00e9xito!<\/h2>\t\t<\/div>\n\t\t\t\t<\/div>\n\t\t\t\t\t<\/div>\n\t\t<\/div>\n\t\t\t\t<div class=\"elementor-column elementor-col-33 elementor-inner-column elementor-element elementor-element-9f04a79\" data-id=\"9f04a79\" data-element_type=\"column\">\n\t\t\t<div class=\"elementor-widget-wrap\">\n\t\t\t\t\t\t\t<\/div>\n\t\t<\/div>\n\t\t\t\t\t<\/div>\n\t\t<\/section>\n\t\t\t\t<section class=\"elementor-section elementor-inner-section elementor-element elementor-element-08a5447 elementor-section-boxed elementor-section-height-default elementor-section-height-default\" data-id=\"08a5447\" data-element_type=\"section\">\n\t\t\t\t\t\t<div class=\"elementor-container elementor-column-gap-default\">\n\t\t\t\t\t<div class=\"elementor-column elementor-col-50 elementor-inner-column elementor-element elementor-element-91f0c2b\" data-id=\"91f0c2b\" data-element_type=\"column\">\n\t\t\t<div class=\"elementor-widget-wrap elementor-element-populated\">\n\t\t\t\t\t\t<div class=\"elementor-element elementor-element-deb39d8 elementor-widget elementor-widget-text-editor\" data-id=\"deb39d8\" data-element_type=\"widget\" data-widget_type=\"text-editor.default\">\n\t\t\t\t<div class=\"elementor-widget-container\">\n\t\t\t\t\t\t\t<p style=\"text-align: left;\">Soy Coach, experta en Programaci\u00f3n Neuroling\u00fc\u00edstica con certificaci\u00f3n internacional ACP ACADEMY, Miami, USA.<\/p><p><img class=\"alignnone size-full wp-image-851\" src=\"http:\/\/carmenjuliaescalante.com\/wp-content\/uploads\/2021\/12\/qs3.jpg\" alt=\"\" width=\"185\" height=\"104\" \/><\/p><p style=\"text-align: left;\">Especializada en desarrollo personal, emprendimiento, motivaci\u00f3n y liderazgo.<\/p><p style=\"text-align: left;\">Mi pasi\u00f3n es ayudar, el que t\u00fa puedas potencializar tus habilidades y lograr realizar tus proyectos profesionales, es mi gran motivaci\u00f3n.<\/p><p style=\"text-align: left;\">Te invito a descubrir el valor que tienes y a que tomes acci\u00f3n.<\/p>\t\t\t\t\t\t<\/div>\n\t\t\t\t<\/div>\n\t\t\t\t<div class=\"elementor-element elementor-element-f088192 elementor-widget elementor-widget-heading\" data-id=\"f088192\" data-element_type=\"widget\" data-widget_type=\"heading.default\">\n\t\t\t\t<div class=\"elementor-widget-container\">\n\t\t\t<h2 class=\"elementor-heading-title elementor-size-default\">\u00a1CONT\u00c1CTAME,<\/h2>\t\t<\/div>\n\t\t\t\t<\/div>\n\t\t\t\t<div class=\"elementor-element elementor-element-2548a05 elementor-widget elementor-widget-heading\" data-id=\"2548a05\" data-element_type=\"widget\" data-widget_type=\"heading.default\">\n\t\t\t\t<div class=\"elementor-widget-container\">\n\t\t\t<h2 class=\"elementor-heading-title elementor-size-default\">JUNTOS VAMOS A CRECER!<\/h2>\t\t<\/div>\n\t\t\t\t<\/div>\n\t\t\t\t\t<\/div>\n\t\t<\/div>\n\t\t\t\t<div class=\"elementor-column elementor-col-50 elementor-inner-column elementor-element elementor-element-444500d\" data-id=\"444500d\" data-element_type=\"column\">\n\t\t\t<div class=\"elementor-widget-wrap elementor-element-populated\">\n\t\t\t\t\t\t<div class=\"elementor-element elementor-element-8dd98d8 elementor-widget elementor-widget-image\" data-id=\"8dd98d8\" data-element_type=\"widget\" data-widget_type=\"image.default\">\n\t\t\t\t<div class=\"elementor-widget-container\">\n\t\t\t\t\t\t\t\t\t\t\t\t\t<img width=\"548\" height=\"705\" src=\"https:\/\/carmenjuliaescalante.com\/wp-content\/uploads\/2021\/12\/qs2.png\" class=\"attachment-full size-full wp-image-849\" alt=\"\" srcset=\"https:\/\/carmenjuliaescalante.com\/wp-content\/uploads\/2021\/12\/qs2.png 548w, https:\/\/carmenjuliaescalante.com\/wp-content\/uploads\/2021\/12\/qs2-233x300.png 233w\" sizes=\"(max-width: 548px) 100vw, 548px\" \/>\t\t\t\t\t\t\t\t\t\t\t\t\t<\/div>\n\t\t\t\t<\/div>\n\t\t\t\t\t<\/div>\n\t\t<\/div>\n\t\t\t\t\t<\/div>\n\t\t<\/section>\n\t\t\t\t\t<\/div>\n\t\t<\/div>\n\t\t\t\t\t<\/div>\n\t\t<\/section>\n\t\t\t\t<\/div>\n\t\t","protected":false},"excerpt":{"rendered":"<p>Soy mujer, madre, esposa, profesional, presentadora de TV, oradora , emprendedora y coach. Desde hace mas de 18 a\u00f1os soy Fundadora-CEO de Dmoda Group, empresa que naci\u00f3 con el objetivo de conectar a las marcas con las personas. En Dmoda Group nos especializamos en la producci\u00f3n audiovisual, relaciones p\u00fablicas, periodismo institucional y empresarial. En el &hellip;<\/p>\n<p class=\"read-more\"> <a class=\"\" href=\"https:\/\/carmenjuliaescalante.com\/?page_id=128\"> <span class=\"screen-reader-text\">Sobre M\u00ed<\/span> Leer m\u00e1s &raquo;<\/a><\/p>\n","protected":false},"author":1,"featured_media":0,"parent":0,"menu_order":0,"comment_status":"closed","ping_status":"closed","template":"","meta":{"site-sidebar-layout":"no-sidebar","site-content-layout":"page-builder","ast-main-header-display":"","ast-hfb-above-header-display":"","ast-hfb-below-header-display":"","ast-hfb-mobile-header-display":"","site-post-title":"disabled","ast-breadcrumbs-content":"","ast-featured-img":"disabled","footer-sml-layout":"","theme-transparent-header-meta":"","adv-header-id-meta":"","stick-header-meta":"","header-above-stick-meta":"","header-main-stick-meta":"","header-below-stick-meta":""},"_links":{"self":[{"href":"https:\/\/carmenjuliaescalante.com\/index.php?rest_route=\/wp\/v2\/pages\/128"}],"collection":[{"href":"https:\/\/carmenjuliaescalante.com\/index.php?rest_route=\/wp\/v2\/pages"}],"about":[{"href":"https:\/\/carmenjuliaescalante.com\/index.php?rest_route=\/wp\/v2\/types\/page"}],"author":[{"embeddable":true,"href":"https:\/\/carmenjuliaescalante.com\/index.php?rest_route=\/wp\/v2\/users\/1"}],"replies":[{"embeddable":true,"href":"https:\/\/carmenjuliaescalante.com\/index.php?rest_route=%2Fwp%2Fv2%2Fcomments&post=128"}],"version-history":[{"count":125,"href":"https:\/\/carmenjuliaescalante.com\/index.php?rest_route=\/wp\/v2\/pages\/128\/revisions"}],"predecessor-version":[{"id":1477,"href":"https:\/\/carmenjuliaescalante.com\/index.php?rest_route=\/wp\/v2\/pages\/128\/revisions\/1477"}],"wp:attachment":[{"href":"https:\/\/carmenjuliaescalante.com\/index.php?rest_route=%2Fwp%2Fv2%2Fmedia&parent=128"}],"curies":[{"name":"wp","href":"https:\/\/api.w.org\/{rel}","templated":true}]}}